{"id":358,"date":"2023-03-07T19:30:26","date_gmt":"2023-03-07T18:30:26","guid":{"rendered":"https:\/\/www.royalborabora.com\/?page_id=358"},"modified":"2023-03-07T19:30:59","modified_gmt":"2023-03-07T18:30:59","slug":"royal-bora-bora-fete-ses-1-an-english","status":"publish","type":"page","link":"https:\/\/www.royalborabora.com\/en\/hotel-diary\/royal-bora-bora-fete-ses-1-an-english\/","title":{"rendered":"Royal Bora Bora f\u00eate ses 1 an ENGLISH"},"content":{"rendered":"<p>C&#8217;est avec plaisir que sa direction g\u00e9n\u00e9rale et toutes ses \u00e9quipes f\u00eatent aujourd&#8217;hui le 1er octobre 2020 sa premi\u00e8re ann\u00e9e d&#8217;existence. Malgr\u00e9 le contexte mondial de 2020 li\u00e9 \u00e0 la crise sanitaire du Covid-19, non sans mal, l&#8217;h\u00f4tel n&#8217;a pas dit son dernier mot.kuykyukliykfukyukyu<\/p>\n<p>Un jeu concours a \u00e9t\u00e9 lanc\u00e9 durant tout le mois d&#8217;octobre pour c\u00e9l\u00e9brer avec nos internautes locaux cet \u00e9v\u00e8nement.<\/p>\n<p>A nos r\u00e9sidents polyn\u00e9siens, rendez-vous directement sur notre page facebook: Royal Bora Bora pour tenter de gagner un s\u00e9jour d&#8217;une nuit pour 2 personnes incluant le petit-d\u00e9jeuner am\u00e9ricain.<\/p>\n<p>Jeu r\u00e9serv\u00e9 exclusivement aux r\u00e9sidents de la Polyn\u00e9sie fran\u00e7aise sans obligation d&#8217;achat.<\/p>\n<p>Cliquez pour consulter le r\u00e8glement:<\/p>\n","protected":false},"excerpt":{"rendered":"<p>C&#8217;est avec plaisir que sa direction g\u00e9n\u00e9rale et toutes ses \u00e9quipes f\u00eatent aujourd&#8217;hui le 1er octobre 2020 sa premi\u00e8re ann\u00e9e d&#8217;existence. Malgr\u00e9 le contexte mondial de 2020 li\u00e9 \u00e0 la crise sanitaire du Covid-19, non sans mal, l&#8217;h\u00f4tel n&#8217;a pas dit son dernier mot.kuykyukliykfukyukyu Un jeu concours a \u00e9t\u00e9 lanc\u00e9 durant tout le mois d&#8217;octobre [&hellip;]<\/p>\n","protected":false},"author":95,"featured_media":320,"parent":310,"menu_order":0,"comment_status":"closed","ping_status":"closed","template":"","meta":{"footnotes":""},"class_list":["post-358","page","type-page","status-publish","has-post-thumbnail","hentry"],"yoast_head":"<!-- This site is optimized with the Yoast SEO plugin v26.9 - https:\/\/yoast.com\/product\/yoast-seo-wordpress\/ -->\n<title>Royal Bora Bora f\u00eate ses 1 an ENGLISH - Hotel Royal Bora Bora<\/title>\n<meta name=\"description\" content=\"C&#039;est avec plaisir que sa direction g\u00e9n\u00e9rale et toutes ses \u00e9quipes f\u00eatent aujourd&#039;hui le 1er octobre 2020 sa premi\u00e8re ann\u00e9e d&#039;existence. Malgr\u00e9 le\" \/>\n<meta name=\"robots\" content=\"index, follow, max-snippet:-1, max-image-preview:large, max-video-preview:-1\" \/>\n<link rel=\"canonical\" href=\"https:\/\/www.royalborabora.com\/en\/hotel-diary\/royal-bora-bora-fete-ses-1-an-english\/\" \/>\n<meta property=\"og:locale\" content=\"en_US\" \/>\n<meta property=\"og:type\" content=\"article\" \/>\n<meta property=\"og:title\" content=\"Royal Bora Bora f\u00eate ses 1 an ENGLISH - Hotel Royal Bora Bora\" \/>\n<meta property=\"og:description\" content=\"C&#039;est avec plaisir que sa direction g\u00e9n\u00e9rale et toutes ses \u00e9quipes f\u00eatent aujourd&#039;hui le 1er octobre 2020 sa premi\u00e8re ann\u00e9e d&#039;existence. Malgr\u00e9 le\" \/>\n<meta property=\"og:url\" content=\"https:\/\/www.royalborabora.com\/en\/hotel-diary\/royal-bora-bora-fete-ses-1-an-english\/\" \/>\n<meta property=\"og:site_name\" content=\"Hotel Royal Bora Bora\" \/>\n<meta property=\"article:modified_time\" content=\"2023-03-07T18:30:59+00:00\" \/>\n<meta property=\"og:image\" content=\"https:\/\/www.royalborabora.com\/wp-content\/uploads\/sites\/55\/2020\/10\/rbb-jeu-concours.png\" \/>\n\t<meta property=\"og:image:width\" content=\"401\" \/>\n\t<meta property=\"og:image:height\" content=\"136\" \/>\n\t<meta property=\"og:image:type\" content=\"image\/png\" \/>\n<meta name=\"twitter:card\" content=\"summary_large_image\" \/>\n<meta name=\"twitter:label1\" content=\"Est. reading time\" \/>\n\t<meta name=\"twitter:data1\" content=\"1 minute\" \/>\n<script type=\"application\/ld+json\" class=\"yoast-schema-graph\">{\"@context\":\"https:\/\/schema.org\",\"@graph\":[{\"@type\":\"WebPage\",\"@id\":\"https:\/\/www.royalborabora.com\/en\/hotel-diary\/royal-bora-bora-fete-ses-1-an-english\/\",\"url\":\"https:\/\/www.royalborabora.com\/en\/hotel-diary\/royal-bora-bora-fete-ses-1-an-english\/\",\"name\":\"Royal Bora Bora f\u00eate ses 1 an ENGLISH - Hotel Royal Bora Bora\",\"isPartOf\":{\"@id\":\"https:\/\/www.royalborabora.com\/en\/#website\"},\"primaryImageOfPage\":{\"@id\":\"https:\/\/www.royalborabora.com\/en\/hotel-diary\/royal-bora-bora-fete-ses-1-an-english\/#primaryimage\"},\"image\":{\"@id\":\"https:\/\/www.royalborabora.com\/en\/hotel-diary\/royal-bora-bora-fete-ses-1-an-english\/#primaryimage\"},\"thumbnailUrl\":\"https:\/\/www.royalborabora.com\/wp-content\/uploads\/sites\/55\/2020\/10\/rbb-jeu-concours.png\",\"datePublished\":\"2023-03-07T18:30:26+00:00\",\"dateModified\":\"2023-03-07T18:30:59+00:00\",\"description\":\"C'est avec plaisir que sa direction g\u00e9n\u00e9rale et toutes ses \u00e9quipes f\u00eatent aujourd'hui le 1er octobre 2020 sa premi\u00e8re ann\u00e9e d'existence. Malgr\u00e9 le\",\"breadcrumb\":{\"@id\":\"https:\/\/www.royalborabora.com\/en\/hotel-diary\/royal-bora-bora-fete-ses-1-an-english\/#breadcrumb\"},\"inLanguage\":\"en-US\",\"potentialAction\":[{\"@type\":\"ReadAction\",\"target\":[\"https:\/\/www.royalborabora.com\/en\/hotel-diary\/royal-bora-bora-fete-ses-1-an-english\/\"]}]},{\"@type\":\"ImageObject\",\"inLanguage\":\"en-US\",\"@id\":\"https:\/\/www.royalborabora.com\/en\/hotel-diary\/royal-bora-bora-fete-ses-1-an-english\/#primaryimage\",\"url\":\"https:\/\/www.royalborabora.com\/wp-content\/uploads\/sites\/55\/2020\/10\/rbb-jeu-concours.png\",\"contentUrl\":\"https:\/\/www.royalborabora.com\/wp-content\/uploads\/sites\/55\/2020\/10\/rbb-jeu-concours.png\",\"width\":401,\"height\":136},{\"@type\":\"BreadcrumbList\",\"@id\":\"https:\/\/www.royalborabora.com\/en\/hotel-diary\/royal-bora-bora-fete-ses-1-an-english\/#breadcrumb\",\"itemListElement\":[{\"@type\":\"ListItem\",\"position\":1,\"name\":\"Accueil\",\"item\":\"https:\/\/www.royalborabora.com\/en\/\"},{\"@type\":\"ListItem\",\"position\":2,\"name\":\"Hotel Diary\",\"item\":\"https:\/\/www.royalborabora.com\/en\/hotel-diary\/\"},{\"@type\":\"ListItem\",\"position\":3,\"name\":\"Royal Bora Bora f\u00eate ses 1 an ENGLISH\"}]},{\"@type\":\"WebSite\",\"@id\":\"https:\/\/www.royalborabora.com\/en\/#website\",\"url\":\"https:\/\/www.royalborabora.com\/en\/\",\"name\":\"Hotel Royal Bora Bora\",\"description\":\"\",\"potentialAction\":[{\"@type\":\"SearchAction\",\"target\":{\"@type\":\"EntryPoint\",\"urlTemplate\":\"https:\/\/www.royalborabora.com\/en\/?s={search_term_string}\"},\"query-input\":{\"@type\":\"PropertyValueSpecification\",\"valueRequired\":true,\"valueName\":\"search_term_string\"}}],\"inLanguage\":\"en-US\"}]}<\/script>\n<!-- \/ Yoast SEO plugin. -->","yoast_head_json":{"title":"Royal Bora Bora f\u00eate ses 1 an ENGLISH - Hotel Royal Bora Bora","description":"C'est avec plaisir que sa direction g\u00e9n\u00e9rale et toutes ses \u00e9quipes f\u00eatent aujourd'hui le 1er octobre 2020 sa premi\u00e8re ann\u00e9e d'existence. Malgr\u00e9 le","robots":{"index":"index","follow":"follow","max-snippet":"max-snippet:-1","max-image-preview":"max-image-preview:large","max-video-preview":"max-video-preview:-1"},"canonical":"https:\/\/www.royalborabora.com\/en\/hotel-diary\/royal-bora-bora-fete-ses-1-an-english\/","og_locale":"en_US","og_type":"article","og_title":"Royal Bora Bora f\u00eate ses 1 an ENGLISH - Hotel Royal Bora Bora","og_description":"C'est avec plaisir que sa direction g\u00e9n\u00e9rale et toutes ses \u00e9quipes f\u00eatent aujourd'hui le 1er octobre 2020 sa premi\u00e8re ann\u00e9e d'existence. Malgr\u00e9 le","og_url":"https:\/\/www.royalborabora.com\/en\/hotel-diary\/royal-bora-bora-fete-ses-1-an-english\/","og_site_name":"Hotel Royal Bora Bora","article_modified_time":"2023-03-07T18:30:59+00:00","og_image":[{"width":401,"height":136,"url":"https:\/\/www.royalborabora.com\/wp-content\/uploads\/sites\/55\/2020\/10\/rbb-jeu-concours.png","type":"image\/png"}],"twitter_card":"summary_large_image","twitter_misc":{"Est. reading time":"1 minute"},"schema":{"@context":"https:\/\/schema.org","@graph":[{"@type":"WebPage","@id":"https:\/\/www.royalborabora.com\/en\/hotel-diary\/royal-bora-bora-fete-ses-1-an-english\/","url":"https:\/\/www.royalborabora.com\/en\/hotel-diary\/royal-bora-bora-fete-ses-1-an-english\/","name":"Royal Bora Bora f\u00eate ses 1 an ENGLISH - Hotel Royal Bora Bora","isPartOf":{"@id":"https:\/\/www.royalborabora.com\/en\/#website"},"primaryImageOfPage":{"@id":"https:\/\/www.royalborabora.com\/en\/hotel-diary\/royal-bora-bora-fete-ses-1-an-english\/#primaryimage"},"image":{"@id":"https:\/\/www.royalborabora.com\/en\/hotel-diary\/royal-bora-bora-fete-ses-1-an-english\/#primaryimage"},"thumbnailUrl":"https:\/\/www.royalborabora.com\/wp-content\/uploads\/sites\/55\/2020\/10\/rbb-jeu-concours.png","datePublished":"2023-03-07T18:30:26+00:00","dateModified":"2023-03-07T18:30:59+00:00","description":"C'est avec plaisir que sa direction g\u00e9n\u00e9rale et toutes ses \u00e9quipes f\u00eatent aujourd'hui le 1er octobre 2020 sa premi\u00e8re ann\u00e9e d'existence. Malgr\u00e9 le","breadcrumb":{"@id":"https:\/\/www.royalborabora.com\/en\/hotel-diary\/royal-bora-bora-fete-ses-1-an-english\/#breadcrumb"},"inLanguage":"en-US","potentialAction":[{"@type":"ReadAction","target":["https:\/\/www.royalborabora.com\/en\/hotel-diary\/royal-bora-bora-fete-ses-1-an-english\/"]}]},{"@type":"ImageObject","inLanguage":"en-US","@id":"https:\/\/www.royalborabora.com\/en\/hotel-diary\/royal-bora-bora-fete-ses-1-an-english\/#primaryimage","url":"https:\/\/www.royalborabora.com\/wp-content\/uploads\/sites\/55\/2020\/10\/rbb-jeu-concours.png","contentUrl":"https:\/\/www.royalborabora.com\/wp-content\/uploads\/sites\/55\/2020\/10\/rbb-jeu-concours.png","width":401,"height":136},{"@type":"BreadcrumbList","@id":"https:\/\/www.royalborabora.com\/en\/hotel-diary\/royal-bora-bora-fete-ses-1-an-english\/#breadcrumb","itemListElement":[{"@type":"ListItem","position":1,"name":"Accueil","item":"https:\/\/www.royalborabora.com\/en\/"},{"@type":"ListItem","position":2,"name":"Hotel Diary","item":"https:\/\/www.royalborabora.com\/en\/hotel-diary\/"},{"@type":"ListItem","position":3,"name":"Royal Bora Bora f\u00eate ses 1 an ENGLISH"}]},{"@type":"WebSite","@id":"https:\/\/www.royalborabora.com\/en\/#website","url":"https:\/\/www.royalborabora.com\/en\/","name":"Hotel Royal Bora Bora","description":"","potentialAction":[{"@type":"SearchAction","target":{"@type":"EntryPoint","urlTemplate":"https:\/\/www.royalborabora.com\/en\/?s={search_term_string}"},"query-input":{"@type":"PropertyValueSpecification","valueRequired":true,"valueName":"search_term_string"}}],"inLanguage":"en-US"}]}},"acf":[],"_links":{"self":[{"href":"https:\/\/www.royalborabora.com\/en\/wp-json\/wp\/v2\/pages\/358","targetHints":{"allow":["GET"]}}],"collection":[{"href":"https:\/\/www.royalborabora.com\/en\/wp-json\/wp\/v2\/pages"}],"about":[{"href":"https:\/\/www.royalborabora.com\/en\/wp-json\/wp\/v2\/types\/page"}],"author":[{"embeddable":true,"href":"https:\/\/www.royalborabora.com\/en\/wp-json\/wp\/v2\/users\/95"}],"replies":[{"embeddable":true,"href":"https:\/\/www.royalborabora.com\/en\/wp-json\/wp\/v2\/comments?post=358"}],"version-history":[{"count":0,"href":"https:\/\/www.royalborabora.com\/en\/wp-json\/wp\/v2\/pages\/358\/revisions"}],"up":[{"embeddable":true,"href":"https:\/\/www.royalborabora.com\/en\/wp-json\/wp\/v2\/pages\/310"}],"wp:featuredmedia":[{"embeddable":true,"href":"https:\/\/www.royalborabora.com\/en\/wp-json\/wp\/v2\/media\/320"}],"wp:attachment":[{"href":"https:\/\/www.royalborabora.com\/en\/wp-json\/wp\/v2\/media?parent=358"}],"curies":[{"name":"wp","href":"https:\/\/api.w.org\/{rel}","templated":true}]}}